{"id":4690,"date":"2021-05-30T21:48:49","date_gmt":"2021-05-30T21:48:49","guid":{"rendered":"https:\/\/woloszynfotografia.pl\/sklep\/?post_type=product&#038;p=4690"},"modified":"2021-05-30T22:07:08","modified_gmt":"2021-05-30T22:07:08","slug":"album-slubny-wyklejany","status":"publish","type":"product","link":"https:\/\/woloszynfotografia.pl\/sklep\/?product=album-slubny-wyklejany","title":{"rendered":"ALBUM \u015aLUBNY WYKLEJANY"},"content":{"rendered":"","protected":false},"excerpt":{"rendered":"<p>Tradycyjny album wyklejany w formacie 25&#215;25 cm.<\/p>\n<p>Trwarda oprawa w kolorze butelkowa ziele\u0144 ze z\u0142otym wzorem.<\/p>\n<p>Album zawiera 100 bia\u0142ych stron<\/p>\n<p>Najwy\u017csza jako\u015b\u0107 wykonania.<\/p>\n<p>Dwa wzory do wyboru.<\/p>\n","protected":false},"featured_media":4691,"comment_status":"open","ping_status":"closed","template":"","meta":{"_editorskit_title_hidden":false,"_editorskit_reading_time":1,"_editorskit_is_block_options_detached":false,"_editorskit_block_options_position":"{}"},"product_brand":[],"product_cat":[34],"product_tag":[],"class_list":{"0":"post-4690","1":"product","2":"type-product","3":"status-publish","4":"has-post-thumbnail","6":"product_cat-album-tradycyjny","8":"first","9":"instock","10":"shipping-taxable","11":"purchasable","12":"product-type-simple"},"jetpack_sharing_enabled":true,"_links":{"self":[{"href":"https:\/\/woloszynfotografia.pl\/sklep\/index.php?rest_route=\/wp\/v2\/product\/4690","targetHints":{"allow":["GET"]}}],"collection":[{"href":"https:\/\/woloszynfotografia.pl\/sklep\/index.php?rest_route=\/wp\/v2\/product"}],"about":[{"href":"https:\/\/woloszynfotografia.pl\/sklep\/index.php?rest_route=\/wp\/v2\/types\/product"}],"replies":[{"embeddable":true,"href":"https:\/\/woloszynfotografia.pl\/sklep\/index.php?rest_route=%2Fwp%2Fv2%2Fcomments&post=4690"}],"wp:featuredmedia":[{"embeddable":true,"href":"https:\/\/woloszynfotografia.pl\/sklep\/index.php?rest_route=\/wp\/v2\/media\/4691"}],"wp:attachment":[{"href":"https:\/\/woloszynfotografia.pl\/sklep\/index.php?rest_route=%2Fwp%2Fv2%2Fmedia&parent=4690"}],"wp:term":[{"taxonomy":"product_brand","embeddable":true,"href":"https:\/\/woloszynfotografia.pl\/sklep\/index.php?rest_route=%2Fwp%2Fv2%2Fproduct_brand&post=4690"},{"taxonomy":"product_cat","embeddable":true,"href":"https:\/\/woloszynfotografia.pl\/sklep\/index.php?rest_route=%2Fwp%2Fv2%2Fproduct_cat&post=4690"},{"taxonomy":"product_tag","embeddable":true,"href":"https:\/\/woloszynfotografia.pl\/sklep\/index.php?rest_route=%2Fwp%2Fv2%2Fproduct_tag&post=4690"}],"curies":[{"name":"wp","href":"https:\/\/api.w.org\/{rel}","templated":true}]}}