{"id":4564,"date":"2021-04-06T18:31:43","date_gmt":"2021-04-06T18:31:43","guid":{"rendered":"http:\/\/woloszynfotografia.pl\/sklep\/?post_type=product&#038;p=4564"},"modified":"2022-10-09T21:20:00","modified_gmt":"2022-10-09T21:20:00","slug":"fotoobraz-na-plotnie-30x45cm","status":"publish","type":"product","link":"https:\/\/woloszynfotografia.pl\/sklep\/?product=fotoobraz-na-plotnie-30x45cm","title":{"rendered":"FOTOOBRAZ NA P\u0141\u00d3TNIE 30x45cm"},"content":{"rendered":"","protected":false},"excerpt":{"rendered":"<p>Fotoobraz na p\u0142\u00f3tnie o wymiarze 30&#215;45 cm. Wysoka jako\u015b\u0107 druku.<\/p>\n","protected":false},"featured_media":4563,"comment_status":"open","ping_status":"closed","template":"","meta":{"_editorskit_title_hidden":false,"_editorskit_reading_time":0,"_editorskit_is_block_options_detached":false,"_editorskit_block_options_position":"{}"},"product_brand":[],"product_cat":[18],"product_tag":[],"class_list":{"0":"post-4564","1":"product","2":"type-product","3":"status-publish","4":"has-post-thumbnail","6":"product_cat-obraz-na-plotnie","8":"first","9":"onbackorder","10":"shipping-taxable","11":"purchasable","12":"product-type-simple"},"jetpack_sharing_enabled":true,"_links":{"self":[{"href":"https:\/\/woloszynfotografia.pl\/sklep\/index.php?rest_route=\/wp\/v2\/product\/4564","targetHints":{"allow":["GET"]}}],"collection":[{"href":"https:\/\/woloszynfotografia.pl\/sklep\/index.php?rest_route=\/wp\/v2\/product"}],"about":[{"href":"https:\/\/woloszynfotografia.pl\/sklep\/index.php?rest_route=\/wp\/v2\/types\/product"}],"replies":[{"embeddable":true,"href":"https:\/\/woloszynfotografia.pl\/sklep\/index.php?rest_route=%2Fwp%2Fv2%2Fcomments&post=4564"}],"wp:featuredmedia":[{"embeddable":true,"href":"https:\/\/woloszynfotografia.pl\/sklep\/index.php?rest_route=\/wp\/v2\/media\/4563"}],"wp:attachment":[{"href":"https:\/\/woloszynfotografia.pl\/sklep\/index.php?rest_route=%2Fwp%2Fv2%2Fmedia&parent=4564"}],"wp:term":[{"taxonomy":"product_brand","embeddable":true,"href":"https:\/\/woloszynfotografia.pl\/sklep\/index.php?rest_route=%2Fwp%2Fv2%2Fproduct_brand&post=4564"},{"taxonomy":"product_cat","embeddable":true,"href":"https:\/\/woloszynfotografia.pl\/sklep\/index.php?rest_route=%2Fwp%2Fv2%2Fproduct_cat&post=4564"},{"taxonomy":"product_tag","embeddable":true,"href":"https:\/\/woloszynfotografia.pl\/sklep\/index.php?rest_route=%2Fwp%2Fv2%2Fproduct_tag&post=4564"}],"curies":[{"name":"wp","href":"https:\/\/api.w.org\/{rel}","templated":true}]}}