{"id":4516,"date":"2021-04-06T17:24:22","date_gmt":"2021-04-06T17:24:22","guid":{"rendered":"http:\/\/woloszynfotografia.pl\/sklep\/?post_type=product&#038;p=4516"},"modified":"2024-10-03T14:20:55","modified_gmt":"2024-10-03T14:20:55","slug":"fotoalbum-20x20-cm-20-sztywnych-stron-kopia","status":"publish","type":"product","link":"https:\/\/woloszynfotografia.pl\/sklep\/?product=fotoalbum-20x20-cm-20-sztywnych-stron-kopia","title":{"rendered":"Fotoalbum 20&#215;20 cm 20 sztywnych stron"},"content":{"rendered":"","protected":false},"excerpt":{"rendered":"<p>Fotoalbum w formacie 20&#215;20 cm ze sztywn\u0105 ok\u0142adk\u0105 oraz sztywnymi 20 stronami.<\/p>\n<p>W albumie mie\u015bci si\u0119 do 75 zdj\u0119\u0107 u\u0142o\u017conych w r\u00f3\u017cnych ciekawych uk\u0142adach.<\/p>\n<p>Najwy\u017csza jako\u015b\u0107 druku na rynku.<\/p>\n<p>Do wyboru mamy ok\u0142adki z trzech r\u00f3\u017cnych materia\u0142\u00f3w:<\/p>\n<ul>\n<li>ekosk\u00f3ra<\/li>\n<li>aksamit<\/li>\n<li>tkanina<\/li>\n<\/ul>\n<p>Ok\u0142adki dost\u0119pne s\u0105 w r\u00f3\u017cnych wariantach kolorystycznych.<\/p>\n<p><strong>Je\u017celi do fotoalbumu chcesz u\u017cy\u0107 w\u0142asnych zdj\u0119\u0107, to prze\u015blij pliki w najwy\u017cszej rozdzielczo\u015bci na adres sklep@woloszynfotografia.pl.<\/strong><\/p>\n","protected":false},"featured_media":4507,"comment_status":"open","ping_status":"closed","template":"","meta":{"_editorskit_title_hidden":false,"_editorskit_reading_time":1,"_editorskit_is_block_options_detached":false,"_editorskit_block_options_position":"{}"},"product_brand":[],"product_cat":[16],"product_tag":[],"class_list":{"0":"post-4516","1":"product","2":"type-product","3":"status-publish","4":"has-post-thumbnail","6":"product_cat-albumy","8":"first","9":"onbackorder","10":"shipping-taxable","11":"purchasable","12":"product-type-simple"},"jetpack_sharing_enabled":true,"_links":{"self":[{"href":"https:\/\/woloszynfotografia.pl\/sklep\/index.php?rest_route=\/wp\/v2\/product\/4516","targetHints":{"allow":["GET"]}}],"collection":[{"href":"https:\/\/woloszynfotografia.pl\/sklep\/index.php?rest_route=\/wp\/v2\/product"}],"about":[{"href":"https:\/\/woloszynfotografia.pl\/sklep\/index.php?rest_route=\/wp\/v2\/types\/product"}],"replies":[{"embeddable":true,"href":"https:\/\/woloszynfotografia.pl\/sklep\/index.php?rest_route=%2Fwp%2Fv2%2Fcomments&post=4516"}],"wp:featuredmedia":[{"embeddable":true,"href":"https:\/\/woloszynfotografia.pl\/sklep\/index.php?rest_route=\/wp\/v2\/media\/4507"}],"wp:attachment":[{"href":"https:\/\/woloszynfotografia.pl\/sklep\/index.php?rest_route=%2Fwp%2Fv2%2Fmedia&parent=4516"}],"wp:term":[{"taxonomy":"product_brand","embeddable":true,"href":"https:\/\/woloszynfotografia.pl\/sklep\/index.php?rest_route=%2Fwp%2Fv2%2Fproduct_brand&post=4516"},{"taxonomy":"product_cat","embeddable":true,"href":"https:\/\/woloszynfotografia.pl\/sklep\/index.php?rest_route=%2Fwp%2Fv2%2Fproduct_cat&post=4516"},{"taxonomy":"product_tag","embeddable":true,"href":"https:\/\/woloszynfotografia.pl\/sklep\/index.php?rest_route=%2Fwp%2Fv2%2Fproduct_tag&post=4516"}],"curies":[{"name":"wp","href":"https:\/\/api.w.org\/{rel}","templated":true}]}}