{"id":3589,"date":"2021-01-30T19:30:13","date_gmt":"2021-01-30T19:30:13","guid":{"rendered":"https:\/\/gpsites.co\/shop\/?page_id=3589"},"modified":"2025-03-04T14:05:39","modified_gmt":"2025-03-04T14:05:39","slug":"contact","status":"publish","type":"page","link":"https:\/\/woloszynfotografia.pl\/sklep\/?page_id=3589","title":{"rendered":"Kontakt"},"content":{"rendered":"<div class=\"gb-container gb-container-ab70145a\"><div class=\"gb-inside-container\">\n<div class=\"gb-grid-wrapper gb-grid-wrapper-ce3599a5\">\n<div class=\"gb-grid-column gb-grid-column-9e89a7dc\"><div class=\"gb-container gb-container-9e89a7dc\"><div class=\"gb-inside-container\">\n\n<h2 class=\"gb-headline gb-headline-d2b3a680 gb-headline-text\">Zapraszam do kontaktu<\/h2>\n\n\n\n<p>Je\u017celi masz pytania, w\u0105tpliwo\u015bci lub chcesz zareklamowa\u0107 produkt, skorzystaj z poni\u017cszego formularza kontaktowego.<\/p>\n\n<\/div><\/div><\/div>\n\n<div class=\"gb-grid-column gb-grid-column-16220b14\"><div class=\"gb-container gb-container-16220b14\"><div class=\"gb-inside-container\">\n\n<p class=\"gb-headline gb-headline-0fb9d4f1\"><span class=\"gb-icon\"><svg xmlns=\"http:\/\/www.w3.org\/2000\/svg\" viewBox=\"0 0 20 24\"><path d=\"M10 24c-.2 0-.4-.1-.6-.2C9.1 23.6 0 17.4 0 10 0 4.5 4.5 0 10 0s10 4.5 10 10c0 7.4-9.1 13.6-9.4 13.8-.2.1-.4.2-.6.2zm0-22c-4.4 0-8 3.6-8 8 0 5.4 6.1 10.4 8 11.8 1.9-1.4 8-6.4 8-11.8 0-4.4-3.6-8-8-8z\"><\/path><path d=\"M10 14c-2.2 0-4-1.8-4-4s1.8-4 4-4 4 1.8 4 4-1.8 4-4 4zm0-6c-1.1 0-2 .9-2 2s.9 2 2 2 2-.9 2-2-.9-2-2-2z\"><\/path><\/svg><\/span><span class=\"gb-headline-text\">Wo\u0142oszyn Sp\u00f3\u0142ka Z.o.o<br>ul. Spiska 37\/2<br>71-042 Szczecin<br>NIP : 8513246489<\/span><\/p>\n\n\n\n<p class=\"gb-headline gb-headline-1a69ec77\"><span class=\"gb-icon\"><svg xmlns=\"http:\/\/www.w3.org\/2000\/svg\" viewBox=\"0 0 16 22\"><path d=\"M13 22H3c-1.7 0-3-1.3-3-3V3c0-1.7 1.3-3 3-3h10c1.7 0 3 1.3 3 3v16c0 1.7-1.3 3-3 3zM3 2c-.6 0-1 .4-1 1v16c0 .6.4 1 1 1h10c.6 0 1-.4 1-1V3c0-.6-.4-1-1-1H3z\"><\/path><path d=\"M8 18c-.6 0-1-.4-1-1s.4-1 1-1 1 .4 1 1-.4 1-1 1z\"><\/path><\/svg><\/span><span class=\"gb-headline-text\">793-113-287<br>sklep@woloszynfotografia.pl<\/span><\/p>\n\n<\/div><\/div><\/div>\n<\/div>\n<\/div><\/div>\n\n<div class=\"gb-container gb-container-287c259c\"><div class=\"gb-inside-container\">\n<div class=\"gb-grid-wrapper gb-grid-wrapper-6e0cb578\">\n<div class=\"gb-grid-column gb-grid-column-6cd61528\"><div class=\"gb-container gb-container-6cd61528\"><div class=\"gb-inside-container\">\n\n<h3 class=\"gb-headline gb-headline-26e69875 gb-headline-text\">Napisz do nas !<\/h3>\n\n\n\n<p class=\"gb-headline gb-headline-d307a84b gb-headline-text\">Postaramy si\u0119 odpowiedzie\u0107 w ci\u0105gu 24h<\/p>\n\n<\/div><\/div><\/div>\n\n<div class=\"gb-grid-column gb-grid-column-d39c40fe\"><div class=\"gb-container gb-container-d39c40fe\"><div class=\"gb-inside-container\">\n\t\t\t<link rel=\"stylesheet\" property=\"stylesheet\" href=\"https:\/\/woloszynfotografia.pl\/sklep\/wp-content\/plugins\/happyforms\/bundles\/css\/frontend.css\" \/>\n\t\t\t\t<!-- HappyForms CSS variables -->\n\t<style>\n\t#happyforms-3538 {\n\t\t--happyforms-part-title-font-size: 18px;\n--happyforms-part-description-font-size: 15px;\n--happyforms-part-value-font-size: 16px;\n--happyforms-submit-button-font-size: 17px;\n--happyforms-color-primary: #222222;\n--happyforms-color-success-notice: #ffffff;\n--happyforms-color-success-notice-text: #7a7676;\n--happyforms-color-error: #cc5252;\n--happyforms-color-error-notice: #ffffff;\n--happyforms-color-error-notice-text: #cc5252;\n--happyforms-color-part-title: #ffffff;\n--happyforms-color-part-value: #222222;\n--happyforms-color-part-placeholder: #222222;\n--happyforms-color-part-description: #222222;\n--happyforms-color-part-border: #edebeb;\n--happyforms-color-part-border-focus: #edebeb;\n--happyforms-color-part-background: #ffffff;\n--happyforms-color-part-background-focus: #ffffff;\n--happyforms-color-submit-background: #edebeb;\n--happyforms-color-submit-background-hover: #edebeb;\n--happyforms-color-submit-border: #cc5252;\n--happyforms-color-submit-text: #6b5a5b;\n--happyforms-color-submit-text-hover: #6b5a5b;\n--happyforms-color-table-row-odd: #fcfcfc;\n--happyforms-color-table-row-even: #efefef;\n--happyforms-color-table-row-odd-text: #000000;\n--happyforms-color-table-row-even-text: #000000;\n--happyforms-color-dropdown-item-bg: #ffffff;\n--happyforms-color-dropdown-item-text: #353a3d;\n--happyforms-color-dropdown-item-bg-hover: #f4f4f5;\n--happyforms-color-dropdown-item-text-hover: #353a3d;\n--happyforms-color-divider-hr: #cccccc;\n--happyforms-color-choice-checkmark-bg: #ffffff;\n--happyforms-color-choice-checkmark-bg-focus: #000000;\n--happyforms-color-choice-checkmark-color: #ffffff;\n\t}\n\t<\/style>\n\t<!-- End of HappyForms CSS variables -->\n\t\t<!-- HappyForms Additional CSS -->\n\t<style data-happyforms-additional-css>\n\t#happyforms-3538 .hf-button{ letter-spacing: 2px !important;} #happyforms-3538 .hf-button:hover{ background-color: rgba(237,235,235,0.9) !important;} \t<\/style>\n\t<!-- End of HappyForms Additional CSS -->\n\t\t\t<link rel=\"stylesheet\" type=\"text\/css\" href=\"https:\/\/woloszynfotografia.pl\/sklep\/wp-content\/plugins\/happyforms\/core\/assets\/css\/no-interaction.css\">\n\t\t<div class=\"happyforms-form happyforms-styles happyforms-form--part-border-radius-square happyforms-form--part-inner-padding-wide happyforms-form--part-title-font-weight-bold happyforms-form--submit-button-border-hide happyforms-form--submit-button-border-radius-square happyforms-form--submit-button-bold happyforms-form--submit-button-align-right\" id=\"happyforms-3538\">\n\t\t\n\t<form action=\"\" id=\"happyforms-form-3538\" method=\"post\" novalidate=\"true\" autocomplete=\"off\">\n\t\t\t\t<input type=\"hidden\" name=\"happyforms_random_seed\" value=\"2377061089\" \/>\n\t\t\n\t\t\t<input type=\"hidden\" name=\"action\" value=\"happyforms_message\">\n\t\t\t\t<input type=\"hidden\" name=\"client_referer\" value=\"\">\n\t\t\t\t<input type=\"hidden\" name=\"current_post_id\" value=\"\">\n\t\t\t\t<input type=\"hidden\" name=\"happyforms_form_id\" value=\"3538\" \/>\n\t\t\t\t<input type=\"hidden\" name=\"happyforms_step\" value=\"0\" \/>\n\t\n\t\t<div class=\"happyforms-flex\">\n\t\t\t\t<label for=\"3538-single_line_text\" class=\"screen-reader-text\">Leave this field blank<\/label>\n\t<input type=\"text\" id=\"3538-single_line_text\" name=\"3538-single_line_text\" style=\"display: none;\" tabindex=\"-1\" autocomplete=\"off\" aria-hidden=\"true\">\n\t\t\t\t\t\t\t\t\t\t<div class=\"happyforms-form__part happyforms-part happyforms-part--single_line_text happyforms-part--width-half happyforms-part--label-above\" id=\"happyforms-3538_single_line_text_0-part\" data-happyforms-type=\"single_line_text\" data-happyforms-id=\"single_line_text_0\" data-happyforms-required=\"\">\n\t<div class=\"happyforms-part-wrap\">\n\t\t\n\t\t\t\t\t\t<div class=\"happyforms-part__label-container\">\n\t\t\t\t<label for=\"happyforms-3538_single_line_text_0\" class=\"happyforms-part__label\">\n\t\t\t<span class=\"label\">Imi\u0119<\/span>\n\t\t\t\t\t\t\t\t\t\t<span class=\"happyforms-required\"><\/span>\n\t\t\t\t\t\t\t\t\t\t<span class=\"happyforms-optional\">(optional)<\/span>\n\t\t\t\t\t<\/label>\n\t\t\t<\/div>\n\t\t\t\n\t\t\n\t\t<div class=\"happyforms-part__el\">\n\t\t\t\n\t\t\t\n\t\t\t<div class=\"happyforms-input\">\n\t\t\t\t\n\t\t\t\t<input id=\"happyforms-3538_single_line_text_0\" type=\"text\" name=\"3538_single_line_text_0\" value=\"\" placeholder=\"\" autocomplete=\"off\" spellcheck=\"false\"  autocorrect=\"off\" \/>\n\t\t\t\t\t\t\t<\/div>\n\n\t\t\t\n\t\t\t\n\t\t\t\t\t<\/div>\n\t<\/div>\n<\/div>\n<div class=\"happyforms-part--with-autocomplete happyforms-form__part happyforms-part happyforms-part--email happyforms-part--width-half happyforms-part--label-above\" id=\"happyforms-3538_email_7-part\" data-happyforms-type=\"email\" data-happyforms-id=\"email_7\" data-happyforms-required=\"\">\n\t\t<div class=\"happyforms-part-wrap\">\n\t\t\t\t\t\t<div class=\"happyforms-part__label-container\">\n\t\t\t\t<label for=\"happyforms-3538_email_7\" class=\"happyforms-part__label\">\n\t\t\t<span class=\"label\">Email<\/span>\n\t\t\t\t\t\t\t\t\t\t<span class=\"happyforms-required\"><\/span>\n\t\t\t\t\t\t\t\t\t\t<span class=\"happyforms-optional\">(optional)<\/span>\n\t\t\t\t\t<\/label>\n\t\t\t<\/div>\n\t\t\t\n\t\t\n\t\t<div class=\"happyforms-part__el\">\n\t\t\t\n\t\t\t\n\t\t\t<div class=\"happyforms-input\">\n\t\t\t\t<input type=\"email\" name=\"3538_email_7\" id=\"happyforms-3538_email_7\" value=\"\" placeholder=\"\" autocomplete=\"off\" spellcheck=\"false\"  autocorrect=\"off\" \/>\n\t\t\t\t\t\t\t<\/div>\n\n\t\t\t\n\t\t\t\n\t\t\t\t\t<\/div>\n\t<\/div>\n<\/div>\n<div class=\"happyforms-form__part happyforms-part happyforms-part--multi_line_text happyforms-part--width-full happyforms-part--label-above\" id=\"happyforms-3538_multi_line_text_4-part\" data-happyforms-type=\"multi_line_text\" data-happyforms-id=\"multi_line_text_4\" data-happyforms-required=\"\">\n\t<div class=\"happyforms-part-wrap\">\n\t\t\t\t\t\t<div class=\"happyforms-part__label-container\">\n\t\t\t\t<label for=\"happyforms-3538_multi_line_text_4\" class=\"happyforms-part__label\">\n\t\t\t<span class=\"label\">Tre\u015b\u0107 wiadomo\u015bci<\/span>\n\t\t\t\t\t\t\t\t\t\t<span class=\"happyforms-required\"><\/span>\n\t\t\t\t\t\t\t\t\t\t<span class=\"happyforms-optional\">(optional)<\/span>\n\t\t\t\t\t<\/label>\n\t\t\t<\/div>\n\t\t\t\n\t\t\n\t\t<div class=\"happyforms-part__el\">\n\t\t\t\n\t\t\t\t\t\t<textarea id=\"happyforms-3538_multi_line_text_4\" name=\"3538_multi_line_text_4\" rows=\"5\" placeholder=\"\" autocomplete=\"off\" spellcheck=\"false\" autocorrect=\"off\" ><\/textarea>\n\t\t\t\n\t\t\t\n\t\t\t\t\t<\/div>\n\t<\/div>\n<\/div>\n\t\t\t\t\t\t<div class=\"happyforms-form__part happyforms-part happyforms-part--submit\">\n\t\t<button type=\"submit\" class=\"happyforms-submit happyforms-button--submit \">Wy\u015blij<\/button>\n\t<\/div>\t\t<\/div>\n\n\t\t\t<\/form>\n\n\t<\/div>\n\n<\/div><\/div><\/div>\n<\/div>\n<\/div><\/div>","protected":false},"excerpt":{"rendered":"","protected":false},"author":1,"featured_media":0,"parent":0,"menu_order":0,"comment_status":"closed","ping_status":"closed","template":"","meta":{"_editorskit_title_hidden":false,"_editorskit_reading_time":1,"_editorskit_is_block_options_detached":false,"_editorskit_block_options_position":"{}","footnotes":""},"class_list":["post-3589","page","type-page","status-publish"],"jetpack_sharing_enabled":true,"_links":{"self":[{"href":"https:\/\/woloszynfotografia.pl\/sklep\/index.php?rest_route=\/wp\/v2\/pages\/3589","targetHints":{"allow":["GET"]}}],"collection":[{"href":"https:\/\/woloszynfotografia.pl\/sklep\/index.php?rest_route=\/wp\/v2\/pages"}],"about":[{"href":"https:\/\/woloszynfotografia.pl\/sklep\/index.php?rest_route=\/wp\/v2\/types\/page"}],"author":[{"embeddable":true,"href":"https:\/\/woloszynfotografia.pl\/sklep\/index.php?rest_route=\/wp\/v2\/users\/1"}],"replies":[{"embeddable":true,"href":"https:\/\/woloszynfotografia.pl\/sklep\/index.php?rest_route=%2Fwp%2Fv2%2Fcomments&post=3589"}],"version-history":[{"count":5,"href":"https:\/\/woloszynfotografia.pl\/sklep\/index.php?rest_route=\/wp\/v2\/pages\/3589\/revisions"}],"predecessor-version":[{"id":4767,"href":"https:\/\/woloszynfotografia.pl\/sklep\/index.php?rest_route=\/wp\/v2\/pages\/3589\/revisions\/4767"}],"wp:attachment":[{"href":"https:\/\/woloszynfotografia.pl\/sklep\/index.php?rest_route=%2Fwp%2Fv2%2Fmedia&parent=3589"}],"curies":[{"name":"wp","href":"https:\/\/api.w.org\/{rel}","templated":true}]}}